{"id":2345,"date":"2025-07-16T10:02:27","date_gmt":"2025-07-16T10:02:27","guid":{"rendered":"https:\/\/infoweb.digital\/infoweb-digitali-kohta\/"},"modified":"2025-07-16T10:02:28","modified_gmt":"2025-07-16T10:02:28","slug":"infoweb-digitali-kohta","status":"publish","type":"page","link":"https:\/\/infoweb.digital\/et\/","title":{"rendered":"INFOWEB DIGITALi kohta"},"content":{"rendered":"\t\t<div data-elementor-type=\"wp-page\" data-elementor-id=\"2345\" class=\"elementor elementor-2345 elementor-157\">\n\t\t\t\t\t\t<section class=\"elementor-section elementor-top-section elementor-element elementor-element-2c618d1b elementor-section-content-middle elementor-section-boxed elementor-section-height-default elementor-section-height-default elementor-invisible\" data-id=\"2c618d1b\" data-element_type=\"section\" data-settings=\"{&quot;animation&quot;:&quot;fadeInUp&quot;}\">\n\t\t\t\t\t\t<div class=\"elementor-container elementor-column-gap-default\">\n\t\t\t\t\t<div class=\"elementor-column elementor-col-50 elementor-top-column elementor-element elementor-element-6acd547a\" data-id=\"6acd547a\" data-element_type=\"column\">\n\t\t\t<div class=\"elementor-widget-wrap elementor-element-populated\">\n\t\t\t\t\t\t<section class=\"elementor-section elementor-inner-section elementor-element elementor-element-1dd6b482 elementor-section-boxed elementor-section-height-default elementor-section-height-default\" data-id=\"1dd6b482\" data-element_type=\"section\">\n\t\t\t\t\t\t<div class=\"elementor-container elementor-column-gap-default\">\n\t\t\t\t\t<div class=\"elementor-column elementor-col-50 elementor-inner-column elementor-element elementor-element-563e465e\" data-id=\"563e465e\" data-element_type=\"column\">\n\t\t\t<div class=\"elementor-widget-wrap elementor-element-populated\">\n\t\t\t\t\t\t<div class=\"elementor-element elementor-element-67b51fd1 hover-img elementor-widget elementor-widget-image\" data-id=\"67b51fd1\" data-element_type=\"widget\" data-widget_type=\"image.default\">\n\t\t\t\t<div class=\"elementor-widget-container\">\n\t\t\t\t\t\t\t\t\t\t\t\t\t\t\t<img fetchpriority=\"high\" decoding=\"async\" width=\"285\" height=\"420\" src=\"https:\/\/infoweb.digital\/wp-content\/uploads\/2023\/12\/about-us-02-01.jpg\" class=\"attachment-large size-large wp-image-2238\" alt=\"\" srcset=\"https:\/\/infoweb.digital\/wp-content\/uploads\/2023\/12\/about-us-02-01.jpg 285w, https:\/\/infoweb.digital\/wp-content\/uploads\/2023\/12\/about-us-02-01-204x300.jpg 204w\" sizes=\"(max-width: 285px) 100vw, 285px\" \/>\t\t\t\t\t\t\t\t\t\t\t\t\t\t\t<\/div>\n\t\t\t\t<\/div>\n\t\t\t\t\t<\/div>\n\t\t<\/div>\n\t\t\t\t<div class=\"elementor-column elementor-col-50 elementor-inner-column elementor-element elementor-element-790b54e4 elementor-hidden-mobile\" data-id=\"790b54e4\" data-element_type=\"column\">\n\t\t\t<div class=\"elementor-widget-wrap elementor-element-populated\">\n\t\t\t\t\t\t<div class=\"elementor-element elementor-element-70a0df51 hover-img elementor-widget elementor-widget-image\" data-id=\"70a0df51\" data-element_type=\"widget\" data-widget_type=\"image.default\">\n\t\t\t\t<div class=\"elementor-widget-container\">\n\t\t\t\t\t\t\t\t\t\t\t\t\t\t\t<img decoding=\"async\" width=\"285\" height=\"420\" src=\"https:\/\/infoweb.digital\/wp-content\/uploads\/2023\/12\/about-us-02-02.jpg\" class=\"attachment-large size-large wp-image-2239\" alt=\"\" srcset=\"https:\/\/infoweb.digital\/wp-content\/uploads\/2023\/12\/about-us-02-02.jpg 285w, https:\/\/infoweb.digital\/wp-content\/uploads\/2023\/12\/about-us-02-02-204x300.jpg 204w\" sizes=\"(max-width: 285px) 100vw, 285px\" \/>\t\t\t\t\t\t\t\t\t\t\t\t\t\t\t<\/div>\n\t\t\t\t<\/div>\n\t\t\t\t\t<\/div>\n\t\t<\/div>\n\t\t\t\t\t<\/div>\n\t\t<\/section>\n\t\t\t\t\t<\/div>\n\t\t<\/div>\n\t\t\t\t<div class=\"elementor-column elementor-col-50 elementor-top-column elementor-element elementor-element-53fc8df1 text-margin\" data-id=\"53fc8df1\" data-element_type=\"column\">\n\t\t\t<div class=\"elementor-widget-wrap elementor-element-populated\">\n\t\t\t\t\t\t<div class=\"elementor-element elementor-element-64fcad91 elementor-widget elementor-widget-heading\" data-id=\"64fcad91\" data-element_type=\"widget\" data-widget_type=\"heading.default\">\n\t\t\t\t<div class=\"elementor-widget-container\">\n\t\t\t\t\t<h2 class=\"elementor-heading-title elementor-size-default\">SEO-s\u00f5bralik<\/h2>\t\t\t\t<\/div>\n\t\t\t\t<\/div>\n\t\t\t\t<div class=\"elementor-element elementor-element-636e8e8d elementor-widget__width-inherit elementor-widget elementor-widget-text-editor\" data-id=\"636e8e8d\" data-element_type=\"widget\" data-widget_type=\"text-editor.default\">\n\t\t\t\t<div class=\"elementor-widget-container\">\n\t\t\t\t\t\t\t\t\t<p>Parema otsingumootori n\u00e4htavuse tagamiseks lisage oma pealkirja asjakohased m\u00e4rks\u00f5nad. M\u00f5elge, milliseid m\u00f5isteid v\u00f5ib teie sihtr\u00fchm kasutada, kui otsite sisu oma ni\u0161\u0161is. Parema otsingumootori n\u00e4htavuse saavutamiseks lisage oma pealkirja asjakohased m\u00e4rks\u00f5nad. M\u00f5elge, milliseid m\u00f5isteid v\u00f5ib teie sihtr\u00fchm kasutada, kui otsite sisu oma ni\u0161\u0161is.   <\/p>\t\t\t\t\t\t\t\t<\/div>\n\t\t\t\t<\/div>\n\t\t\t\t\t<\/div>\n\t\t<\/div>\n\t\t\t\t\t<\/div>\n\t\t<\/section>\n\t\t\t\t<section class=\"elementor-section elementor-top-section elementor-element elementor-element-1b3a9321 elementor-section-content-middle elementor-section-boxed elementor-section-height-default elementor-section-height-default\" data-id=\"1b3a9321\" data-element_type=\"section\">\n\t\t\t\t\t\t<div class=\"elementor-container elementor-column-gap-default\">\n\t\t\t\t\t<div class=\"elementor-column elementor-col-50 elementor-top-column elementor-element elementor-element-5bfbc460 text-margin order-2 order-lg-1 elementor-invisible\" data-id=\"5bfbc460\" data-element_type=\"column\" data-settings=\"{&quot;animation&quot;:&quot;fadeInLeft&quot;}\">\n\t\t\t<div class=\"elementor-widget-wrap elementor-element-populated\">\n\t\t\t\t\t\t<div class=\"elementor-element elementor-element-5f5650a elementor-widget elementor-widget-heading\" data-id=\"5f5650a\" data-element_type=\"widget\" data-widget_type=\"heading.default\">\n\t\t\t\t<div class=\"elementor-widget-container\">\n\t\t\t\t\t<h2 class=\"elementor-heading-title elementor-size-default\">Responsive Design<\/h2>\t\t\t\t<\/div>\n\t\t\t\t<\/div>\n\t\t\t\t<div class=\"elementor-element elementor-element-5eae80d5 elementor-widget__width-initial elementor-widget elementor-widget-text-editor\" data-id=\"5eae80d5\" data-element_type=\"widget\" data-widget_type=\"text-editor.default\">\n\t\t\t\t<div class=\"elementor-widget-container\">\n\t\t\t\t\t\t\t\t\t<p>Veenduge, et teie veebisait on mobiilis\u00f5bralik, et rahuldada erinevate seadmete kasutajaid. Responsive design aitab kaasa positiivsele kasutajakogemusele. Veenduge, et teie veebisait on mobiilis\u00f5bralik, et rahuldada erinevate seadmete kasutajaid. Responsive design aitab kaasa positiivsele kasutajakogemusele. Veenduge, et teie veebisait on mobiilis\u00f5bralik, et rahuldada erinevate seadmete kasutajaid. Responsive design aitab kaasa positiivsele kasutajakogemusele.     <\/p>\t\t\t\t\t\t\t\t<\/div>\n\t\t\t\t<\/div>\n\t\t\t\t\t<\/div>\n\t\t<\/div>\n\t\t\t\t<div class=\"elementor-column elementor-col-50 elementor-top-column elementor-element elementor-element-3d08b530 order-1 order-lg-2 elementor-invisible\" data-id=\"3d08b530\" data-element_type=\"column\" data-settings=\"{&quot;animation&quot;:&quot;fadeInRight&quot;}\">\n\t\t\t<div class=\"elementor-widget-wrap elementor-element-populated\">\n\t\t\t\t\t\t<div class=\"elementor-element elementor-element-5e8c554 elementor-widget elementor-widget-image\" data-id=\"5e8c554\" data-element_type=\"widget\" data-widget_type=\"image.default\">\n\t\t\t\t<div class=\"elementor-widget-container\">\n\t\t\t\t\t\t\t\t\t\t\t\t\t\t\t<img decoding=\"async\" width=\"630\" height=\"550\" src=\"https:\/\/infoweb.digital\/wp-content\/uploads\/2023\/12\/about-us-03-03.jpg\" class=\"attachment-large size-large wp-image-2243\" alt=\"\" srcset=\"https:\/\/infoweb.digital\/wp-content\/uploads\/2023\/12\/about-us-03-03.jpg 630w, https:\/\/infoweb.digital\/wp-content\/uploads\/2023\/12\/about-us-03-03-300x262.jpg 300w, https:\/\/infoweb.digital\/wp-content\/uploads\/2023\/12\/about-us-03-03-600x524.jpg 600w\" sizes=\"(max-width: 630px) 100vw, 630px\" \/>\t\t\t\t\t\t\t\t\t\t\t\t\t\t\t<\/div>\n\t\t\t\t<\/div>\n\t\t\t\t\t<\/div>\n\t\t<\/div>\n\t\t\t\t\t<\/div>\n\t\t<\/section>\n\t\t<div class=\"elementor-element elementor-element-6cd02518 e-flex e-con-boxed e-con e-parent\" data-id=\"6cd02518\" data-element_type=\"container\">\n\t\t\t\t\t<div class=\"e-con-inner\">\n\t\t<div class=\"elementor-element elementor-element-41809190 e-flex e-con-boxed e-con e-child\" data-id=\"41809190\" data-element_type=\"container\">\n\t\t\t\t\t<div class=\"e-con-inner\">\n\t\t\t\t<div class=\"elementor-element elementor-element-61e82b00 elementor-widget__width-initial elementor-widget elementor-widget-heading\" data-id=\"61e82b00\" data-element_type=\"widget\" data-widget_type=\"heading.default\">\n\t\t\t\t<div class=\"elementor-widget-container\">\n\t\t\t\t\t<h2 class=\"elementor-heading-title elementor-size-default\">K\u00f5ik lisatud kava<\/h2>\t\t\t\t<\/div>\n\t\t\t\t<\/div>\n\t\t\t\t\t<\/div>\n\t\t\t\t<\/div>\n\t\t\t\t<div class=\"elementor-element elementor-element-5eae4dd7 services-left elementor-widget elementor-widget-ServiceBox\" data-id=\"5eae4dd7\" data-element_type=\"widget\" data-widget_type=\"ServiceBox.default\">\n\t\t\t\t<div class=\"elementor-widget-container\">\n\t\t\t\t\t\n\t\t<div class=\"service-block swiper swiper-slider\" data-id=\"service-block\" id = \"service-block\">\n\t\t\t<div class=\"swiper-wrapper\" data-desk=\"3\" data-laptop=\"3\" data-tablet=\"2\" data-mobile=\"1\" data-autoplay=\"false\" data-loop=\"false\" data-margin=\"80\" data-speed=\"300\" >\n\t\t\t\t\n\t\t\t\t\t\t<div class=\"service-box swiper-slide\"><div class=\"item\">\n\t\t\t\t\t\t\t\t\t\t\t\t\t\t<div class=\"service-box-icon d-flex left\"> \n\t\t\t\t\t\t\t\t<img decoding=\"async\" src=\"https:\/\/infoweb.digital\/wp-content\/uploads\/2023\/11\/01.png\" title=\"01\" alt=\"01\" loading=\"lazy\" \/>\t\t\t\t\t\t\t<\/div>\n\t\t\t\t\t\t\t\t\t\t\t\t\t\t<div class=\"service-box-containt left\">\n\t\t\t\t\t\t\t\t\t\t\t\t\t\t\t\t<h4 class=\"service-box-title\">1-click installation<\/h4>\n\t\t\t\t\t\t\t\t\t\t\t\t\t\t\t\t\n\t\t\t\t\t\t\t\t\t\t\t\t\t\t\t\t<p> we understand that a robust online presence requires a solid foundation. <\/p>\n\t\t\t\t\t\t\t\t\t\t\t\t\t\t\t<\/div>\n\t\t\t\t\t\t\t\n\t\t\t\t\t\t\n\t\t\t\t\t\n\t\t\t\t\t\t\n\t\t\t\t\t\t\t\t\t\t\t\t\t\t<div class=\"service-box-icon d-flex left\"> \n\t\t\t\t\t\t\t\t<img decoding=\"async\" src=\"https:\/\/infoweb.digital\/wp-content\/uploads\/2023\/11\/04.png\" title=\"04\" alt=\"04\" loading=\"lazy\" \/>\t\t\t\t\t\t\t<\/div>\n\t\t\t\t\t\t\t\t\t\t\t\t\t\t<div class=\"service-box-containt left\">\n\t\t\t\t\t\t\t\t\t\t\t\t\t\t\t\t<h4 class=\"service-box-title\">Easy-to-use control panel<\/h4>\n\t\t\t\t\t\t\t\t\t\t\t\t\t\t\t\t\n\t\t\t\t\t\t\t\t\t\t\t\t\t\t\t\t<p>Register new domains, update DNS settings, and handle domain renewals with ease.<\/p>\n\t\t\t\t\t\t\t\t\t\t\t\t\t\t\t<\/div>\n\t\t\t\t\t\t\t\n\t\t\t\t\t\t<\/div><\/div>\n\t\t\t\t\t\n\t\t\t\t\t\t<div class=\"service-box swiper-slide\"><div class=\"item\">\n\t\t\t\t\t\t\t\t\t\t\t\t\t\t<div class=\"service-box-icon d-flex left\"> \n\t\t\t\t\t\t\t\t<img decoding=\"async\" src=\"https:\/\/infoweb.digital\/wp-content\/uploads\/2023\/11\/02.png\" title=\"02\" alt=\"02\" loading=\"lazy\" \/>\t\t\t\t\t\t\t<\/div>\n\t\t\t\t\t\t\t\t\t\t\t\t\t\t<div class=\"service-box-containt left\">\n\t\t\t\t\t\t\t\t\t\t\t\t\t\t\t\t<h4 class=\"service-box-title\">Domain name setup<\/h4>\n\t\t\t\t\t\t\t\t\t\t\t\t\t\t\t\t\n\t\t\t\t\t\t\t\t\t\t\t\t\t\t\t\t<p>Setting up a domain is a crucial step in establishing your online presence.<\/p>\n\t\t\t\t\t\t\t\t\t\t\t\t\t\t\t<\/div>\n\t\t\t\t\t\t\t\n\t\t\t\t\t\t\n\t\t\t\t\t\n\t\t\t\t\t\t\n\t\t\t\t\t\t\t\t\t\t\t\t\t\t<div class=\"service-box-icon d-flex left\"> \n\t\t\t\t\t\t\t\t<img decoding=\"async\" src=\"https:\/\/infoweb.digital\/wp-content\/uploads\/2023\/11\/05.png\" title=\"05\" alt=\"05\" loading=\"lazy\" \/>\t\t\t\t\t\t\t<\/div>\n\t\t\t\t\t\t\t\t\t\t\t\t\t\t<div class=\"service-box-containt left\">\n\t\t\t\t\t\t\t\t\t\t\t\t\t\t\t\t<h4 class=\"service-box-title\">Resources on-demand<\/h4>\n\t\t\t\t\t\t\t\t\t\t\t\t\t\t\t\t\n\t\t\t\t\t\t\t\t\t\t\t\t\t\t\t\t<p>This cost-efficient model allows you to allocate your budget more effectively.<\/p>\n\t\t\t\t\t\t\t\t\t\t\t\t\t\t\t<\/div>\n\t\t\t\t\t\t\t\n\t\t\t\t\t\t<\/div><\/div>\n\t\t\t\t\t\n\t\t\t\t\t\t<div class=\"service-box swiper-slide\"><div class=\"item\">\n\t\t\t\t\t\t\t\t\t\t\t\t\t\t<div class=\"service-box-icon d-flex left\"> \n\t\t\t\t\t\t\t\t<img decoding=\"async\" src=\"https:\/\/infoweb.digital\/wp-content\/uploads\/2023\/11\/03.png\" title=\"03\" alt=\"03\" loading=\"lazy\" \/>\t\t\t\t\t\t\t<\/div>\n\t\t\t\t\t\t\t\t\t\t\t\t\t\t<div class=\"service-box-containt left\">\n\t\t\t\t\t\t\t\t\t\t\t\t\t\t\t\t<h4 class=\"service-box-title\">24\/7 network security<\/h4>\n\t\t\t\t\t\t\t\t\t\t\t\t\t\t\t\t\n\t\t\t\t\t\t\t\t\t\t\t\t\t\t\t\t<p>online assets with our robust 24\/7 network security measures.<\/p>\n\t\t\t\t\t\t\t\t\t\t\t\t\t\t\t<\/div>\n\t\t\t\t\t\t\t\n\t\t\t\t\t\t\n\t\t\t\t\t\n\t\t\t\t\t\t\n\t\t\t\t\t\t\t\t\t\t\t\t\t\t<div class=\"service-box-icon d-flex left\"> \n\t\t\t\t\t\t\t\t<img decoding=\"async\" src=\"https:\/\/infoweb.digital\/wp-content\/uploads\/2023\/11\/06.png\" title=\"06\" alt=\"06\" loading=\"lazy\" \/>\t\t\t\t\t\t\t<\/div>\n\t\t\t\t\t\t\t\t\t\t\t\t\t\t<div class=\"service-box-containt left\">\n\t\t\t\t\t\t\t\t\t\t\t\t\t\t\t\t<h4 class=\"service-box-title\">Global Data Centers<\/h4>\n\t\t\t\t\t\t\t\t\t\t\t\t\t\t\t\t\n\t\t\t\t\t\t\t\t\t\t\t\t\t\t\t\t<p>Easily scale your resources up or down to meet the evolving needs of your business.<\/p>\n\t\t\t\t\t\t\t\t\t\t\t\t\t\t\t<\/div>\n\t\t\t\t\t\t\t\n\t\t\t\t\t\t<\/div><\/div>\n\t\t\t\t\t\n\t\t\t\t\t\t<div class=\"service-box swiper-slide\"><div class=\"item\">\n\t\t\t\t\t\t\t\t\t\t\t\t\t\t<div class=\"service-box-icon d-flex left\"> \n\t\t\t\t\t\t\t\t<img decoding=\"async\" src=\"https:\/\/infoweb.digital\/wp-content\/uploads\/2023\/12\/13.png\" title=\"13\" alt=\"13\" loading=\"lazy\" \/>\t\t\t\t\t\t\t<\/div>\n\t\t\t\t\t\t\t\t\t\t\t\t\t\t<div class=\"service-box-containt left\">\n\t\t\t\t\t\t\t\t\t\t\t\t\t\t\t\t<h4 class=\"service-box-title\">Support Hotline<\/h4>\n\t\t\t\t\t\t\t\t\t\t\t\t\t\t\t\t\n\t\t\t\t\t\t\t\t\t\t\t\t\t\t\t\t<p>Our friendly and knowledgeable customer support team is just a phone call away. <\/p>\n\t\t\t\t\t\t\t\t\t\t\t\t\t\t\t<\/div>\n\t\t\t\t\t\t\t\n\t\t\t\t\t\t\n\t\t\t\t\t\n\t\t\t\t\t\t\n\t\t\t\t\t\t\t\t\t\t\t\t\t\t<div class=\"service-box-icon d-flex left\"> \n\t\t\t\t\t\t\t\t<img decoding=\"async\" src=\"https:\/\/infoweb.digital\/wp-content\/uploads\/2023\/12\/14.png\" title=\"14\" alt=\"14\" loading=\"lazy\" \/>\t\t\t\t\t\t\t<\/div>\n\t\t\t\t\t\t\t\t\t\t\t\t\t\t<div class=\"service-box-containt left\">\n\t\t\t\t\t\t\t\t\t\t\t\t\t\t\t\t<h4 class=\"service-box-title\">Live Chat With Us<\/h4>\n\t\t\t\t\t\t\t\t\t\t\t\t\t\t\t\t\n\t\t\t\t\t\t\t\t\t\t\t\t\t\t\t\t<p>Connect with a support representative instantly and get the help you need without delay.<\/p>\n\t\t\t\t\t\t\t\t\t\t\t\t\t\t\t<\/div>\n\t\t\t\t\t\t\t\n\t\t\t\t\t\t<\/div><\/div>\n\t\t\t\t\t\t\t\t<\/div>\n\t\t\t<div class=\"swiper-pagination\"><\/div>\t\t<\/div>\n\t\t\t\t\t\t<\/div>\n\t\t\t\t<\/div>\n\t\t\t\t\t<\/div>\n\t\t\t\t<\/div>\n\t\t<div class=\"elementor-element elementor-element-405d902b counter-section e-flex e-con-boxed e-con e-parent\" data-id=\"405d902b\" data-element_type=\"container\">\n\t\t\t\t\t<div class=\"e-con-inner\">\n\t\t<div class=\"elementor-element elementor-element-797e830d e-con-full e-flex e-con e-child\" data-id=\"797e830d\" data-element_type=\"container\">\n\t\t\t\t<div class=\"elementor-element elementor-element-28b423b3 elementor-widget elementor-widget-counter\" data-id=\"28b423b3\" data-element_type=\"widget\" data-widget_type=\"counter.default\">\n\t\t\t\t<div class=\"elementor-widget-container\">\n\t\t\t\t\t\t\t<div class=\"elementor-counter\">\n\t\t\t<div class=\"elementor-counter-title\">Eksperdid<\/div>\t\t\t<div class=\"elementor-counter-number-wrapper\">\n\t\t\t\t<span class=\"elementor-counter-number-prefix\"><\/span>\n\t\t\t\t<span class=\"elementor-counter-number\" data-duration=\"2000\" data-to-value=\"80\" data-from-value=\"0\" data-delimiter=\",\">0<\/span>\n\t\t\t\t<span class=\"elementor-counter-number-suffix\">+<\/span>\n\t\t\t<\/div>\n\t\t<\/div>\n\t\t\t\t\t\t<\/div>\n\t\t\t\t<\/div>\n\t\t\t\t<\/div>\n\t\t<div class=\"elementor-element elementor-element-451a29f5 e-con-full e-flex e-con e-child\" data-id=\"451a29f5\" data-element_type=\"container\">\n\t\t\t\t<div class=\"elementor-element elementor-element-77f0727a elementor-widget elementor-widget-counter\" data-id=\"77f0727a\" data-element_type=\"widget\" data-widget_type=\"counter.default\">\n\t\t\t\t<div class=\"elementor-widget-container\">\n\t\t\t\t\t\t\t<div class=\"elementor-counter\">\n\t\t\t<div class=\"elementor-counter-title\">K\u00fclastajad<\/div>\t\t\t<div class=\"elementor-counter-number-wrapper\">\n\t\t\t\t<span class=\"elementor-counter-number-prefix\"><\/span>\n\t\t\t\t<span class=\"elementor-counter-number\" data-duration=\"2000\" data-to-value=\"200\" data-from-value=\"\" data-delimiter=\",\"><\/span>\n\t\t\t\t<span class=\"elementor-counter-number-suffix\">k<\/span>\n\t\t\t<\/div>\n\t\t<\/div>\n\t\t\t\t\t\t<\/div>\n\t\t\t\t<\/div>\n\t\t\t\t<\/div>\n\t\t<div class=\"elementor-element elementor-element-1654a0ba e-con-full e-flex e-con e-child\" data-id=\"1654a0ba\" data-element_type=\"container\">\n\t\t\t\t<div class=\"elementor-element elementor-element-59686b01 elementor-widget elementor-widget-counter\" data-id=\"59686b01\" data-element_type=\"widget\" data-widget_type=\"counter.default\">\n\t\t\t\t<div class=\"elementor-widget-container\">\n\t\t\t\t\t\t\t<div class=\"elementor-counter\">\n\t\t\t<div class=\"elementor-counter-title\">Auhinnad<\/div>\t\t\t<div class=\"elementor-counter-number-wrapper\">\n\t\t\t\t<span class=\"elementor-counter-number-prefix\"><\/span>\n\t\t\t\t<span class=\"elementor-counter-number\" data-duration=\"2000\" data-to-value=\"50\" data-from-value=\"0\" data-delimiter=\",\">0<\/span>\n\t\t\t\t<span class=\"elementor-counter-number-suffix\">+<\/span>\n\t\t\t<\/div>\n\t\t<\/div>\n\t\t\t\t\t\t<\/div>\n\t\t\t\t<\/div>\n\t\t\t\t<\/div>\n\t\t<div class=\"elementor-element elementor-element-60de15b2 e-con-full e-flex e-con e-child\" data-id=\"60de15b2\" data-element_type=\"container\">\n\t\t\t\t<div class=\"elementor-element elementor-element-27db9814 elementor-widget elementor-widget-counter\" data-id=\"27db9814\" data-element_type=\"widget\" data-widget_type=\"counter.default\">\n\t\t\t\t<div class=\"elementor-widget-container\">\n\t\t\t\t\t\t\t<div class=\"elementor-counter\">\n\t\t\t<div class=\"elementor-counter-title\">Kliendid<\/div>\t\t\t<div class=\"elementor-counter-number-wrapper\">\n\t\t\t\t<span class=\"elementor-counter-number-prefix\"><\/span>\n\t\t\t\t<span class=\"elementor-counter-number\" data-duration=\"2000\" data-to-value=\"1000\" data-from-value=\"0\" data-delimiter=\",\">0<\/span>\n\t\t\t\t<span class=\"elementor-counter-number-suffix\">+<\/span>\n\t\t\t<\/div>\n\t\t<\/div>\n\t\t\t\t\t\t<\/div>\n\t\t\t\t<\/div>\n\t\t\t\t<\/div>\n\t\t\t\t\t<\/div>\n\t\t\t\t<\/div>\n\t\t\t\t<section class=\"elementor-section elementor-top-section elementor-element elementor-element-3486c9e4 ourservice-title elementor-section-content-top elementor-section-boxed elementor-section-height-default elementor-section-height-default\" data-id=\"3486c9e4\" data-element_type=\"section\">\n\t\t\t\t\t\t<div class=\"elementor-container elementor-column-gap-default\">\n\t\t\t\t\t<div class=\"elementor-column elementor-col-50 elementor-top-column elementor-element elementor-element-5b9f6f0d\" data-id=\"5b9f6f0d\" data-element_type=\"column\">\n\t\t\t<div class=\"elementor-widget-wrap elementor-element-populated\">\n\t\t\t\t\t\t<div class=\"elementor-element elementor-element-4bfb7788 elementor-widget elementor-widget-progress\" data-id=\"4bfb7788\" data-element_type=\"widget\" data-widget_type=\"progress.default\">\n\t\t\t\t<div class=\"elementor-widget-container\">\n\t\t\t\t\t\t\t\t<span class=\"elementor-title\" id=\"elementor-progress-bar-4bfb7788\">\n\t\t\t\tDISAIN - 4-AASTANE KOGEMUS\t\t\t<\/span>\n\t\t\n\t\t<div aria-labelledby=\"elementor-progress-bar-4bfb7788\" class=\"elementor-progress-wrapper\" role=\"progressbar\" aria-valuemin=\"0\" aria-valuemax=\"100\" aria-valuenow=\"95\">\n\t\t\t<div class=\"elementor-progress-bar\" data-max=\"95\">\n\t\t\t\t<span class=\"elementor-progress-text\"><\/span>\n\t\t\t\t\t\t\t\t\t<span class=\"elementor-progress-percentage\">95%<\/span>\n\t\t\t\t\t\t\t<\/div>\n\t\t<\/div>\n\t\t\t\t\t\t<\/div>\n\t\t\t\t<\/div>\n\t\t\t\t<div class=\"elementor-element elementor-element-2a5cee58 elementor-widget elementor-widget-progress\" data-id=\"2a5cee58\" data-element_type=\"widget\" data-widget_type=\"progress.default\">\n\t\t\t\t<div class=\"elementor-widget-container\">\n\t\t\t\t\t\t\t\t<span class=\"elementor-title\" id=\"elementor-progress-bar-2a5cee58\">\n\t\t\t\tTURUNDUS - 6-AASTANE KOGEMUS\t\t\t<\/span>\n\t\t\n\t\t<div aria-labelledby=\"elementor-progress-bar-2a5cee58\" class=\"elementor-progress-wrapper\" role=\"progressbar\" aria-valuemin=\"0\" aria-valuemax=\"100\" aria-valuenow=\"87\">\n\t\t\t<div class=\"elementor-progress-bar\" data-max=\"87\">\n\t\t\t\t<span class=\"elementor-progress-text\"><\/span>\n\t\t\t\t\t\t\t\t\t<span class=\"elementor-progress-percentage\">87%<\/span>\n\t\t\t\t\t\t\t<\/div>\n\t\t<\/div>\n\t\t\t\t\t\t<\/div>\n\t\t\t\t<\/div>\n\t\t\t\t<div class=\"elementor-element elementor-element-2478c79e elementor-widget elementor-widget-progress\" data-id=\"2478c79e\" data-element_type=\"widget\" data-widget_type=\"progress.default\">\n\t\t\t\t<div class=\"elementor-widget-container\">\n\t\t\t\t\t\t\t\t<span class=\"elementor-title\" id=\"elementor-progress-bar-2478c79e\">\n\t\t\t\tE-KAUBANDUS - 5-AASTANE KOGEMUSE\t\t\t<\/span>\n\t\t\n\t\t<div aria-labelledby=\"elementor-progress-bar-2478c79e\" class=\"elementor-progress-wrapper\" role=\"progressbar\" aria-valuemin=\"0\" aria-valuemax=\"100\" aria-valuenow=\"80\">\n\t\t\t<div class=\"elementor-progress-bar\" data-max=\"80\">\n\t\t\t\t<span class=\"elementor-progress-text\"><\/span>\n\t\t\t\t\t\t\t\t\t<span class=\"elementor-progress-percentage\">80%<\/span>\n\t\t\t\t\t\t\t<\/div>\n\t\t<\/div>\n\t\t\t\t\t\t<\/div>\n\t\t\t\t<\/div>\n\t\t\t\t\t<\/div>\n\t\t<\/div>\n\t\t\t\t<div class=\"elementor-column elementor-col-50 elementor-top-column elementor-element elementor-element-19e87426 text-margin elementor-invisible\" data-id=\"19e87426\" data-element_type=\"column\" data-settings=\"{&quot;animation&quot;:&quot;fadeInRight&quot;}\">\n\t\t\t<div class=\"elementor-widget-wrap elementor-element-populated\">\n\t\t\t\t\t\t<div class=\"elementor-element elementor-element-5c896c7 elementor-widget elementor-widget-heading\" data-id=\"5c896c7\" data-element_type=\"widget\" data-widget_type=\"heading.default\">\n\t\t\t\t<div class=\"elementor-widget-container\">\n\t\t\t\t\t<h2 class=\"elementor-heading-title elementor-size-default\">Interaktiivsed kogemused<\/h2>\t\t\t\t<\/div>\n\t\t\t\t<\/div>\n\t\t\t\t<div class=\"elementor-element elementor-element-18822b38 elementor-widget__width-initial elementor-widget elementor-widget-text-editor\" data-id=\"18822b38\" data-element_type=\"widget\" data-widget_type=\"text-editor.default\">\n\t\t\t\t<div class=\"elementor-widget-container\">\n\t\t\t\t\t\t\t\t\t<p>Parandage oma sisu multimeediaelementidega, nagu pildid, videod v\u00f5i infograafiad. Visuaalid v\u00f5ivad aidata selgitada keerulisi m\u00f5isteid ja muuta teie sisu k\u00f6itvamaks. <\/p>\t\t\t\t\t\t\t\t<\/div>\n\t\t\t\t<\/div>\n\t\t\t\t\t<\/div>\n\t\t<\/div>\n\t\t\t\t\t<\/div>\n\t\t<\/section>\n\t\t\t\t<\/div>\n\t\t","protected":false},"excerpt":{"rendered":"<p>SEO-s\u00f5bralik Parema otsingumootori n\u00e4htavuse tagamiseks lisage oma pealkirja asjakohased m\u00e4rks\u00f5nad. M\u00f5elge, milliseid m\u00f5isteid v\u00f5ib teie sihtr\u00fchm kasutada, kui otsite sisu [&hellip;]<\/p>\n","protected":false},"author":1,"featured_media":0,"parent":0,"menu_order":0,"comment_status":"closed","ping_status":"closed","template":"","meta":{"_monsterinsights_skip_tracking":false,"_monsterinsights_sitenote_active":false,"_monsterinsights_sitenote_note":"","_monsterinsights_sitenote_category":0,"footnotes":""},"class_list":["post-2345","page","type-page","status-publish","hentry"],"aioseo_notices":[],"_links":{"self":[{"href":"https:\/\/infoweb.digital\/et\/wp-json\/wp\/v2\/pages\/2345","targetHints":{"allow":["GET"]}}],"collection":[{"href":"https:\/\/infoweb.digital\/et\/wp-json\/wp\/v2\/pages"}],"about":[{"href":"https:\/\/infoweb.digital\/et\/wp-json\/wp\/v2\/types\/page"}],"author":[{"embeddable":true,"href":"https:\/\/infoweb.digital\/et\/wp-json\/wp\/v2\/users\/1"}],"replies":[{"embeddable":true,"href":"https:\/\/infoweb.digital\/et\/wp-json\/wp\/v2\/comments?post=2345"}],"version-history":[{"count":1,"href":"https:\/\/infoweb.digital\/et\/wp-json\/wp\/v2\/pages\/2345\/revisions"}],"predecessor-version":[{"id":2350,"href":"https:\/\/infoweb.digital\/et\/wp-json\/wp\/v2\/pages\/2345\/revisions\/2350"}],"wp:attachment":[{"href":"https:\/\/infoweb.digital\/et\/wp-json\/wp\/v2\/media?parent=2345"}],"curies":[{"name":"wp","href":"https:\/\/api.w.org\/{rel}","templated":true}]}}