{"id":2351,"date":"2025-07-16T10:02:41","date_gmt":"2025-07-16T10:02:41","guid":{"rendered":"https:\/\/infoweb.digital\/teenuse-teekond\/"},"modified":"2025-07-16T10:02:42","modified_gmt":"2025-07-16T10:02:42","slug":"teenuse-teekond","status":"publish","type":"page","link":"https:\/\/infoweb.digital\/et\/teenuse-teekond\/","title":{"rendered":"Teenuse teekond"},"content":{"rendered":"\t\t<div data-elementor-type=\"wp-page\" data-elementor-id=\"2351\" class=\"elementor elementor-2351 elementor-329\">\n\t\t\t\t\t\t<section class=\"elementor-section elementor-top-section elementor-element elementor-element-2e2dc645 elementor-section-content-middle elementor-section-boxed elementor-section-height-default elementor-section-height-default\" data-id=\"2e2dc645\" data-element_type=\"section\">\n\t\t\t\t\t\t<div class=\"elementor-container elementor-column-gap-default\">\n\t\t\t\t\t<div class=\"elementor-column elementor-col-50 elementor-top-column elementor-element elementor-element-6b0f3132\" data-id=\"6b0f3132\" data-element_type=\"column\">\n\t\t\t<div class=\"elementor-widget-wrap elementor-element-populated\">\n\t\t\t\t\t\t<div class=\"elementor-element elementor-element-3d5322fb hover-img elementor-widget elementor-widget-image\" data-id=\"3d5322fb\" data-element_type=\"widget\" data-widget_type=\"image.default\">\n\t\t\t\t<div class=\"elementor-widget-container\">\n\t\t\t\t\t\t\t\t\t\t\t\t\t\t\t<img fetchpriority=\"high\" decoding=\"async\" width=\"620\" height=\"360\" src=\"https:\/\/infoweb.digital\/wp-content\/uploads\/2023\/12\/services-02-2.jpg\" class=\"attachment-full size-full wp-image-2256\" alt=\"\" srcset=\"https:\/\/infoweb.digital\/wp-content\/uploads\/2023\/12\/services-02-2.jpg 620w, https:\/\/infoweb.digital\/wp-content\/uploads\/2023\/12\/services-02-2-300x174.jpg 300w, https:\/\/infoweb.digital\/wp-content\/uploads\/2023\/12\/services-02-2-600x348.jpg 600w\" sizes=\"(max-width: 620px) 100vw, 620px\" \/>\t\t\t\t\t\t\t\t\t\t\t\t\t\t\t<\/div>\n\t\t\t\t<\/div>\n\t\t\t\t\t<\/div>\n\t\t<\/div>\n\t\t\t\t<div class=\"elementor-column elementor-col-50 elementor-top-column elementor-element elementor-element-2203a16e text-margin\" data-id=\"2203a16e\" data-element_type=\"column\">\n\t\t\t<div class=\"elementor-widget-wrap elementor-element-populated\">\n\t\t\t\t\t\t<div class=\"elementor-element elementor-element-2d61ac6e elementor-widget__width-auto box-round elementor-widget elementor-widget-text-editor\" data-id=\"2d61ac6e\" data-element_type=\"widget\" data-widget_type=\"text-editor.default\">\n\t\t\t\t<div class=\"elementor-widget-container\">\n\t\t\t\t\t\t\t\t\t<p>01.<\/p>\t\t\t\t\t\t\t\t<\/div>\n\t\t\t\t<\/div>\n\t\t\t\t<div class=\"elementor-element elementor-element-2f1a8a90 elementor-widget elementor-widget-heading\" data-id=\"2f1a8a90\" data-element_type=\"widget\" data-widget_type=\"heading.default\">\n\t\t\t\t<div class=\"elementor-widget-container\">\n\t\t\t\t\t<h2 class=\"elementor-heading-title elementor-size-default\">Tegevusele orienteeritud<\/h2>\t\t\t\t<\/div>\n\t\t\t\t<\/div>\n\t\t\t\t<div class=\"elementor-element elementor-element-5c5d5519 elementor-widget elementor-widget-text-editor\" data-id=\"5c5d5519\" data-element_type=\"widget\" data-widget_type=\"text-editor.default\">\n\t\t\t\t<div class=\"elementor-widget-container\">\n\t\t\t\t\t\t\t\t\t<p>Kasutage tegevusele orienteeritud keelt, et julgustada kaasamist. N\u00e4iteks &#8220;Tutvu meie teenustega&#8221;, &#8220;Avasta, mida me pakume&#8221; v\u00f5i &#8220;Ava meie lahendused&#8221;. Julgustage k\u00fclastajaid astuma j\u00e4rgmine samm teie teenuste tundma\u00f5ppimiseks.<\/p>\t\t\t\t\t\t\t\t<\/div>\n\t\t\t\t<\/div>\n\t\t\t\t\t<\/div>\n\t\t<\/div>\n\t\t\t\t\t<\/div>\n\t\t<\/section>\n\t\t\t\t<section class=\"elementor-section elementor-top-section elementor-element elementor-element-11d06eff elementor-section-content-middle elementor-section-boxed elementor-section-height-default elementor-section-height-default\" data-id=\"11d06eff\" data-element_type=\"section\">\n\t\t\t\t\t\t<div class=\"elementor-container elementor-column-gap-default\">\n\t\t\t\t\t<div class=\"elementor-column elementor-col-50 elementor-top-column elementor-element elementor-element-2e65c6c4 text-margin order-2 ordre-lg-\" data-id=\"2e65c6c4\" data-element_type=\"column\">\n\t\t\t<div class=\"elementor-widget-wrap elementor-element-populated\">\n\t\t\t\t\t\t<div class=\"elementor-element elementor-element-3e446da6 elementor-widget__width-auto box-round elementor-widget elementor-widget-text-editor\" data-id=\"3e446da6\" data-element_type=\"widget\" data-widget_type=\"text-editor.default\">\n\t\t\t\t<div class=\"elementor-widget-container\">\n\t\t\t\t\t\t\t\t\t<p>02.<\/p>\t\t\t\t\t\t\t\t<\/div>\n\t\t\t\t<\/div>\n\t\t\t\t<div class=\"elementor-element elementor-element-557478c2 elementor-widget elementor-widget-heading\" data-id=\"557478c2\" data-element_type=\"widget\" data-widget_type=\"heading.default\">\n\t\t\t\t<div class=\"elementor-widget-container\">\n\t\t\t\t\t<h2 class=\"elementor-heading-title elementor-size-default\">Spetsiifilisus<\/h2>\t\t\t\t<\/div>\n\t\t\t\t<\/div>\n\t\t\t\t<div class=\"elementor-element elementor-element-2e3f9d41 elementor-widget elementor-widget-text-editor\" data-id=\"2e3f9d41\" data-element_type=\"widget\" data-widget_type=\"text-editor.default\">\n\t\t\t\t<div class=\"elementor-widget-container\">\n\t\t\t\t\t\t\t\t\t<p>Esitage iga pakutava teenuse \u00fcksikasjalik kirjeldus. Kirjeldage selgelt funktsioone ja eeliseid. Kasutage l\u00fchikest ja kaasahaaravat keelt, et k\u00fclastajad saaksid sellest kergesti aru. Lisage iga teenust esindavad pildid v\u00f5i ikoonid. Visuaalsed elemendid v\u00f5ivad parandada teie pakkumiste m\u00f5istmist.<\/p>\t\t\t\t\t\t\t\t<\/div>\n\t\t\t\t<\/div>\n\t\t\t\t\t<\/div>\n\t\t<\/div>\n\t\t\t\t<div class=\"elementor-column elementor-col-50 elementor-top-column elementor-element elementor-element-444b24df text-margin order-1 order-lg-2\" data-id=\"444b24df\" data-element_type=\"column\">\n\t\t\t<div class=\"elementor-widget-wrap elementor-element-populated\">\n\t\t\t\t\t\t<div class=\"elementor-element elementor-element-1990542c hover-img elementor-widget elementor-widget-image\" data-id=\"1990542c\" data-element_type=\"widget\" data-widget_type=\"image.default\">\n\t\t\t\t<div class=\"elementor-widget-container\">\n\t\t\t\t\t\t\t\t\t\t\t\t\t\t\t<img decoding=\"async\" width=\"670\" height=\"390\" src=\"https:\/\/infoweb.digital\/wp-content\/uploads\/2023\/12\/services-02.jpg\" class=\"attachment-full size-full wp-image-2198\" alt=\"\" srcset=\"https:\/\/infoweb.digital\/wp-content\/uploads\/2023\/12\/services-02.jpg 670w, https:\/\/infoweb.digital\/wp-content\/uploads\/2023\/12\/services-02-300x175.jpg 300w, https:\/\/infoweb.digital\/wp-content\/uploads\/2023\/12\/services-02-600x349.jpg 600w\" sizes=\"(max-width: 670px) 100vw, 670px\" \/>\t\t\t\t\t\t\t\t\t\t\t\t\t\t\t<\/div>\n\t\t\t\t<\/div>\n\t\t\t\t\t<\/div>\n\t\t<\/div>\n\t\t\t\t\t<\/div>\n\t\t<\/section>\n\t\t\t\t<section class=\"elementor-section elementor-top-section elementor-element elementor-element-753defe8 elementor-section-content-middle elementor-section-boxed elementor-section-height-default elementor-section-height-default\" data-id=\"753defe8\" data-element_type=\"section\">\n\t\t\t\t\t\t<div class=\"elementor-container elementor-column-gap-default\">\n\t\t\t\t\t<div class=\"elementor-column elementor-col-50 elementor-top-column elementor-element elementor-element-37ae76e5 text-margin \" data-id=\"37ae76e5\" data-element_type=\"column\">\n\t\t\t<div class=\"elementor-widget-wrap elementor-element-populated\">\n\t\t\t\t\t\t<div class=\"elementor-element elementor-element-333a0910 hover-img elementor-widget elementor-widget-image\" data-id=\"333a0910\" data-element_type=\"widget\" data-widget_type=\"image.default\">\n\t\t\t\t<div class=\"elementor-widget-container\">\n\t\t\t\t\t\t\t\t\t\t\t\t\t\t\t<img decoding=\"async\" width=\"620\" height=\"360\" src=\"https:\/\/infoweb.digital\/wp-content\/uploads\/2023\/12\/services-03-2.jpg\" class=\"attachment-full size-full wp-image-2257\" alt=\"\" srcset=\"https:\/\/infoweb.digital\/wp-content\/uploads\/2023\/12\/services-03-2.jpg 620w, https:\/\/infoweb.digital\/wp-content\/uploads\/2023\/12\/services-03-2-300x174.jpg 300w, https:\/\/infoweb.digital\/wp-content\/uploads\/2023\/12\/services-03-2-600x348.jpg 600w\" sizes=\"(max-width: 620px) 100vw, 620px\" \/>\t\t\t\t\t\t\t\t\t\t\t\t\t\t\t<\/div>\n\t\t\t\t<\/div>\n\t\t\t\t\t<\/div>\n\t\t<\/div>\n\t\t\t\t<div class=\"elementor-column elementor-col-50 elementor-top-column elementor-element elementor-element-442ac9f9 text-margin order-1 order-lg-2\" data-id=\"442ac9f9\" data-element_type=\"column\">\n\t\t\t<div class=\"elementor-widget-wrap elementor-element-populated\">\n\t\t\t\t\t\t<div class=\"elementor-element elementor-element-38bfdc8c elementor-widget__width-auto box-round elementor-widget elementor-widget-text-editor\" data-id=\"38bfdc8c\" data-element_type=\"widget\" data-widget_type=\"text-editor.default\">\n\t\t\t\t<div class=\"elementor-widget-container\">\n\t\t\t\t\t\t\t\t\t<p>03.<\/p>\t\t\t\t\t\t\t\t<\/div>\n\t\t\t\t<\/div>\n\t\t\t\t<div class=\"elementor-element elementor-element-10771ea4 elementor-widget elementor-widget-heading\" data-id=\"10771ea4\" data-element_type=\"widget\" data-widget_type=\"heading.default\">\n\t\t\t\t<div class=\"elementor-widget-container\">\n\t\t\t\t\t<h2 class=\"elementor-heading-title elementor-size-default\">Br\u00e4ndi integreerimine<\/h2>\t\t\t\t<\/div>\n\t\t\t\t<\/div>\n\t\t\t\t<div class=\"elementor-element elementor-element-51ac782e elementor-widget elementor-widget-text-editor\" data-id=\"51ac782e\" data-element_type=\"widget\" data-widget_type=\"text-editor.default\">\n\t\t\t\t<div class=\"elementor-widget-container\">\n\t\t\t\t\t\t\t\t\t<p>Vajaduse korral lisage oma kaubam\u00e4rgi nimi pealkirja, et tagada j\u00e4rjepidevus ja kaubam\u00e4rgi \u00e4ratuntavus. Kasutage tegevusele orienteeritud keelt, et julgustada kaasamist. N\u00e4iteks &#8220;Tutvu meie teenustega&#8221;, &#8220;Avasta, mida me pakume&#8221; v\u00f5i &#8220;Ava meie lahendused&#8221;. Julgustage k\u00fclastajaid astuma j\u00e4rgmine samm teie teenuste tundma\u00f5ppimiseks.<\/p>\t\t\t\t\t\t\t\t<\/div>\n\t\t\t\t<\/div>\n\t\t\t\t\t<\/div>\n\t\t<\/div>\n\t\t\t\t\t<\/div>\n\t\t<\/section>\n\t\t<div class=\"elementor-element elementor-element-7c0b5982 e-flex e-con-boxed e-con e-parent\" data-id=\"7c0b5982\" data-element_type=\"container\">\n\t\t\t\t\t<div class=\"e-con-inner\">\n\t\t<div class=\"elementor-element elementor-element-590e6fed e-flex e-con-boxed e-con e-child\" data-id=\"590e6fed\" data-element_type=\"container\">\n\t\t\t\t\t<div class=\"e-con-inner\">\n\t\t\t\t<div class=\"elementor-element elementor-element-3c5e0195 elementor-widget__width-initial elementor-widget elementor-widget-heading\" data-id=\"3c5e0195\" data-element_type=\"widget\" data-widget_type=\"heading.default\">\n\t\t\t\t<div class=\"elementor-widget-container\">\n\t\t\t\t\t<h2 class=\"elementor-heading-title elementor-size-default\">Pakume parimaid omadusi<\/h2>\t\t\t\t<\/div>\n\t\t\t\t<\/div>\n\t\t\t\t\t<\/div>\n\t\t\t\t<\/div>\n\t\t\t\t<div class=\"elementor-element elementor-element-62944ea4 elementor-widget elementor-widget-ServiceBox\" data-id=\"62944ea4\" data-element_type=\"widget\" data-widget_type=\"ServiceBox.default\">\n\t\t\t\t<div class=\"elementor-widget-container\">\n\t\t\t\t\t\n\t\t<div class=\"service-block swiper swiper-slider\" data-id=\"service-block\" id = \"service-block\">\n\t\t\t<div class=\"swiper-wrapper\" data-desk=\"3\" data-laptop=\"3\" data-tablet=\"2\" data-mobile=\"1\" data-autoplay=\"false\" data-loop=\"false\" data-margin=\"80\" data-speed=\"300\" >\n\t\t\t\t\n\t\t\t\t\t\t<div class=\"service-box swiper-slide\"><div class=\"item\">\n\t\t\t\t\t\t\t\t\t\t\t\t\t\t<div class=\"service-box-icon d-flex left\"> \n\t\t\t\t\t\t\t\t<img decoding=\"async\" src=\"https:\/\/infoweb.digital\/wp-content\/uploads\/2023\/11\/07.png\" title=\"07\" alt=\"07\" loading=\"lazy\" \/>\t\t\t\t\t\t\t<\/div>\n\t\t\t\t\t\t\t\t\t\t\t\t\t\t<div class=\"service-box-containt left\">\n\t\t\t\t\t\t\t\t\t\t\t\t\t\t\t\t<h4 class=\"service-box-title\">Domain Sale<\/h4>\n\t\t\t\t\t\t\t\t\t\t\t\t\t\t\t\t\n\t\t\t\t\t\t\t\t\t\t\t\t\t\t\t\t<p>Explore a diverse portfolio of domains, ranging from industry-specific keywords.<\/p>\n\t\t\t\t\t\t\t\t\t\t\t\t\t\t\t<\/div>\n\t\t\t\t\t\t\t\n\t\t\t\t\t\t\n\t\t\t\t\t\n\t\t\t\t\t\t\n\t\t\t\t\t\t\t\t\t\t\t\t\t\t<div class=\"service-box-icon d-flex left\"> \n\t\t\t\t\t\t\t\t<img decoding=\"async\" src=\"https:\/\/infoweb.digital\/wp-content\/uploads\/2023\/11\/10.png\" title=\"10\" alt=\"10\" loading=\"lazy\" \/>\t\t\t\t\t\t\t<\/div>\n\t\t\t\t\t\t\t\t\t\t\t\t\t\t<div class=\"service-box-containt left\">\n\t\t\t\t\t\t\t\t\t\t\t\t\t\t\t\t<h4 class=\"service-box-title\">Email Hosting<\/h4>\n\t\t\t\t\t\t\t\t\t\t\t\t\t\t\t\t\n\t\t\t\t\t\t\t\t\t\t\t\t\t\t\t\t<p>we understand the significance of reliable and secure email communication. <\/p>\n\t\t\t\t\t\t\t\t\t\t\t\t\t\t\t<\/div>\n\t\t\t\t\t\t\t\n\t\t\t\t\t\t<\/div><\/div>\n\t\t\t\t\t\n\t\t\t\t\t\t<div class=\"service-box swiper-slide\"><div class=\"item\">\n\t\t\t\t\t\t\t\t\t\t\t\t\t\t<div class=\"service-box-icon d-flex left\"> \n\t\t\t\t\t\t\t\t<img decoding=\"async\" src=\"https:\/\/infoweb.digital\/wp-content\/uploads\/2023\/11\/08.png\" title=\"08\" alt=\"08\" loading=\"lazy\" \/>\t\t\t\t\t\t\t<\/div>\n\t\t\t\t\t\t\t\t\t\t\t\t\t\t<div class=\"service-box-containt left\">\n\t\t\t\t\t\t\t\t\t\t\t\t\t\t\t\t<h4 class=\"service-box-title\">Instent Backup<\/h4>\n\t\t\t\t\t\t\t\t\t\t\t\t\t\t\t\t\n\t\t\t\t\t\t\t\t\t\t\t\t\t\t\t\t<p>Customize your backup schedule to suit your needs, ensuring regular.<\/p>\n\t\t\t\t\t\t\t\t\t\t\t\t\t\t\t<\/div>\n\t\t\t\t\t\t\t\n\t\t\t\t\t\t\n\t\t\t\t\t\n\t\t\t\t\t\t\n\t\t\t\t\t\t\t\t\t\t\t\t\t\t<div class=\"service-box-icon d-flex left\"> \n\t\t\t\t\t\t\t\t<img decoding=\"async\" src=\"https:\/\/infoweb.digital\/wp-content\/uploads\/2023\/11\/11.png\" title=\"11\" alt=\"11\" loading=\"lazy\" \/>\t\t\t\t\t\t\t<\/div>\n\t\t\t\t\t\t\t\t\t\t\t\t\t\t<div class=\"service-box-containt left\">\n\t\t\t\t\t\t\t\t\t\t\t\t\t\t\t\t<h4 class=\"service-box-title\">Automatic Scalability<\/h4>\n\t\t\t\t\t\t\t\t\t\t\t\t\t\t\t\t\n\t\t\t\t\t\t\t\t\t\t\t\t\t\t\t\t<p>Experience consistently high performance regardless of traffic spikes. <\/p>\n\t\t\t\t\t\t\t\t\t\t\t\t\t\t\t<\/div>\n\t\t\t\t\t\t\t\n\t\t\t\t\t\t<\/div><\/div>\n\t\t\t\t\t\n\t\t\t\t\t\t<div class=\"service-box swiper-slide\"><div class=\"item\">\n\t\t\t\t\t\t\t\t\t\t\t\t\t\t<div class=\"service-box-icon d-flex left\"> \n\t\t\t\t\t\t\t\t<img decoding=\"async\" src=\"https:\/\/infoweb.digital\/wp-content\/uploads\/2023\/11\/10.png\" title=\"10\" alt=\"10\" loading=\"lazy\" \/>\t\t\t\t\t\t\t<\/div>\n\t\t\t\t\t\t\t\t\t\t\t\t\t\t<div class=\"service-box-containt left\">\n\t\t\t\t\t\t\t\t\t\t\t\t\t\t\t\t<h4 class=\"service-box-title\">One Click Staging<\/h4>\n\t\t\t\t\t\t\t\t\t\t\t\t\t\t\t\t\n\t\t\t\t\t\t\t\t\t\t\t\t\t\t\t\t<p>Create a duplicate of your live website with just one click and No complex configurations.<\/p>\n\t\t\t\t\t\t\t\t\t\t\t\t\t\t\t<\/div>\n\t\t\t\t\t\t\t\n\t\t\t\t\t\t\n\t\t\t\t\t\n\t\t\t\t\t\t\n\t\t\t\t\t\t\t\t\t\t\t\t\t\t<div class=\"service-box-icon d-flex left\"> \n\t\t\t\t\t\t\t\t<img decoding=\"async\" src=\"https:\/\/infoweb.digital\/wp-content\/uploads\/2023\/11\/12.png\" title=\"12\" alt=\"12\" loading=\"lazy\" \/>\t\t\t\t\t\t\t<\/div>\n\t\t\t\t\t\t\t\t\t\t\t\t\t\t<div class=\"service-box-containt left\">\n\t\t\t\t\t\t\t\t\t\t\t\t\t\t\t\t<h4 class=\"service-box-title\">Free Migrations<\/h4>\n\t\t\t\t\t\t\t\t\t\t\t\t\t\t\t\t\n\t\t\t\t\t\t\t\t\t\t\t\t\t\t\t\t<p>Our expert team ensures minimal disruption to your online presence.<\/p>\n\t\t\t\t\t\t\t\t\t\t\t\t\t\t\t<\/div>\n\t\t\t\t\t\t\t\n\t\t\t\t\t\t<\/div><\/div>\n\t\t\t\t\t\n\t\t\t\t\t\t<div class=\"service-box swiper-slide\"><div class=\"item\">\n\t\t\t\t\t\t\t\t\t\t\t\t\t\t<div class=\"service-box-icon d-flex left\"> \n\t\t\t\t\t\t\t\t<img decoding=\"async\" src=\"https:\/\/infoweb.digital\/wp-content\/uploads\/2023\/12\/15.png\" title=\"15\" alt=\"15\" loading=\"lazy\" \/>\t\t\t\t\t\t\t<\/div>\n\t\t\t\t\t\t\t\t\t\t\t\t\t\t<div class=\"service-box-containt left\">\n\t\t\t\t\t\t\t\t\t\t\t\t\t\t\t\t<h4 class=\"service-box-title\">Vast Domain Selection<\/h4>\n\t\t\t\t\t\t\t\t\t\t\t\t\t\t\t\t\n\t\t\t\t\t\t\t\t\t\t\t\t\t\t\t\t<p>Choose from a vast array of domain extensions that reflect your brand, industry, and vision.<\/p>\n\t\t\t\t\t\t\t\t\t\t\t\t\t\t\t<\/div>\n\t\t\t\t\t\t\t\n\t\t\t\t\t\t\n\t\t\t\t\t\n\t\t\t\t\t\t\n\t\t\t\t\t\t\t\t\t\t\t\t\t\t<div class=\"service-box-icon d-flex left\"> \n\t\t\t\t\t\t\t\t<img decoding=\"async\" src=\"https:\/\/infoweb.digital\/wp-content\/uploads\/2023\/12\/16.png\" title=\"16\" alt=\"16\" loading=\"lazy\" \/>\t\t\t\t\t\t\t<\/div>\n\t\t\t\t\t\t\t\t\t\t\t\t\t\t<div class=\"service-box-containt left\">\n\t\t\t\t\t\t\t\t\t\t\t\t\t\t\t\t<h4 class=\"service-box-title\">Privacy Protection<\/h4>\n\t\t\t\t\t\t\t\t\t\t\t\t\t\t\t\t\n\t\t\t\t\t\t\t\t\t\t\t\t\t\t\t\t<p>Keep your personal information safe with our built-in privacy protection. <\/p>\n\t\t\t\t\t\t\t\t\t\t\t\t\t\t\t<\/div>\n\t\t\t\t\t\t\t\n\t\t\t\t\t\t<\/div><\/div>\n\t\t\t\t\t\t\t\t<\/div>\n\t\t\t<div class=\"swiper-pagination\"><\/div>\t\t<\/div>\n\t\t\t\t\t\t<\/div>\n\t\t\t\t<\/div>\n\t\t\t\t\t<\/div>\n\t\t\t\t<\/div>\n\t\t\t\t<\/div>\n\t\t","protected":false},"excerpt":{"rendered":"<p>01. Tegevusele orienteeritud Kasutage tegevusele orienteeritud keelt, et julgustada kaasamist. N\u00e4iteks &#8220;Tutvu meie teenustega&#8221;, &#8220;Avasta, mida me pakume&#8221; v\u00f5i &#8220;Ava [&hellip;]<\/p>\n","protected":false},"author":1,"featured_media":0,"parent":0,"menu_order":0,"comment_status":"closed","ping_status":"closed","template":"","meta":{"_monsterinsights_skip_tracking":false,"_monsterinsights_sitenote_active":false,"_monsterinsights_sitenote_note":"","_monsterinsights_sitenote_category":0,"footnotes":""},"class_list":["post-2351","page","type-page","status-publish","hentry"],"aioseo_notices":[],"_links":{"self":[{"href":"https:\/\/infoweb.digital\/et\/wp-json\/wp\/v2\/pages\/2351","targetHints":{"allow":["GET"]}}],"collection":[{"href":"https:\/\/infoweb.digital\/et\/wp-json\/wp\/v2\/pages"}],"about":[{"href":"https:\/\/infoweb.digital\/et\/wp-json\/wp\/v2\/types\/page"}],"author":[{"embeddable":true,"href":"https:\/\/infoweb.digital\/et\/wp-json\/wp\/v2\/users\/1"}],"replies":[{"embeddable":true,"href":"https:\/\/infoweb.digital\/et\/wp-json\/wp\/v2\/comments?post=2351"}],"version-history":[{"count":1,"href":"https:\/\/infoweb.digital\/et\/wp-json\/wp\/v2\/pages\/2351\/revisions"}],"predecessor-version":[{"id":2352,"href":"https:\/\/infoweb.digital\/et\/wp-json\/wp\/v2\/pages\/2351\/revisions\/2352"}],"wp:attachment":[{"href":"https:\/\/infoweb.digital\/et\/wp-json\/wp\/v2\/media?parent=2351"}],"curies":[{"name":"wp","href":"https:\/\/api.w.org\/{rel}","templated":true}]}}